{"id":24,"date":"2022-09-08T13:35:43","date_gmt":"2022-09-08T17:35:43","guid":{"rendered":"http:\/\/he.legal\/he\/?page_id=24"},"modified":"2023-06-01T16:10:35","modified_gmt":"2023-06-01T20:10:35","slug":"abogados","status":"publish","type":"page","link":"http:\/\/he.legal\/he\/abogados\/","title":{"rendered":"Abogados"},"content":{"rendered":"\t\t<div data-elementor-type=\"wp-page\" data-elementor-id=\"24\" class=\"elementor elementor-24\">\n\t\t\t\t\t\t\t\t\t<section class=\"elementor-section elementor-top-section elementor-element elementor-element-cc1d8a9 elementor-section-full_width elementor-section-height-default elementor-section-height-default\" data-id=\"cc1d8a9\" data-element_type=\"section\" data-settings=\"{&quot;background_background&quot;:&quot;classic&quot;}\">\n\t\t\t\t\t\t<div class=\"elementor-container elementor-column-gap-default\">\n\t\t\t\t\t<div class=\"elementor-column elementor-col-100 elementor-top-column elementor-element elementor-element-ec6be17\" data-id=\"ec6be17\" data-element_type=\"column\">\n\t\t\t<div class=\"elementor-widget-wrap elementor-element-populated\">\n\t\t\t\t\t\t\t\t<div class=\"elementor-element elementor-element-72d526f elementor-widget elementor-widget-heading\" data-id=\"72d526f\" data-element_type=\"widget\" data-widget_type=\"heading.default\">\n\t\t\t\t<div class=\"elementor-widget-container\">\n\t\t\t<style>\/*! elementor - v3.10.2 - 29-01-2023 *\/\n.elementor-heading-title{padding:0;margin:0;line-height:1}.elementor-widget-heading .elementor-heading-title[class*=elementor-size-]>a{color:inherit;font-size:inherit;line-height:inherit}.elementor-widget-heading .elementor-heading-title.elementor-size-small{font-size:15px}.elementor-widget-heading .elementor-heading-title.elementor-size-medium{font-size:19px}.elementor-widget-heading .elementor-heading-title.elementor-size-large{font-size:29px}.elementor-widget-heading .elementor-heading-title.elementor-size-xl{font-size:39px}.elementor-widget-heading .elementor-heading-title.elementor-size-xxl{font-size:59px}<\/style><h1 class=\"elementor-heading-title elementor-size-default\">Abogados H&E Legal<\/h1>\t\t<\/div>\n\t\t\t\t<\/div>\n\t\t\t\t\t<\/div>\n\t\t<\/div>\n\t\t\t\t\t\t\t<\/div>\n\t\t<\/section>\n\t\t\t\t<section class=\"elementor-section elementor-top-section elementor-element elementor-element-340f1c0 elementor-section-full_width elementor-section-height-default elementor-section-height-default\" data-id=\"340f1c0\" data-element_type=\"section\">\n\t\t\t\t\t\t<div class=\"elementor-container elementor-column-gap-default\">\n\t\t\t\t\t<div class=\"elementor-column elementor-col-100 elementor-top-column elementor-element elementor-element-e8e5266\" data-id=\"e8e5266\" data-element_type=\"column\">\n\t\t\t<div class=\"elementor-widget-wrap elementor-element-populated\">\n\t\t\t\t\t\t\t\t<div class=\"elementor-element elementor-element-52c2d3d elementor-widget elementor-widget-heading\" data-id=\"52c2d3d\" data-element_type=\"widget\" data-widget_type=\"heading.default\">\n\t\t\t\t<div class=\"elementor-widget-container\">\n\t\t\t<h2 class=\"elementor-heading-title elementor-size-default\">Daniel J. Hern\u00e1ndez S.<\/h2>\t\t<\/div>\n\t\t\t\t<\/div>\n\t\t\t\t<div class=\"elementor-element elementor-element-7d7ed3c elementor-widget elementor-widget-text-editor\" data-id=\"7d7ed3c\" data-element_type=\"widget\" data-widget_type=\"text-editor.default\">\n\t\t\t\t<div class=\"elementor-widget-container\">\n\t\t\t<style>\/*! elementor - v3.10.2 - 29-01-2023 *\/\n.elementor-widget-text-editor.elementor-drop-cap-view-stacked .elementor-drop-cap{background-color:#818a91;color:#fff}.elementor-widget-text-editor.elementor-drop-cap-view-framed .elementor-drop-cap{color:#818a91;border:3px solid;background-color:transparent}.elementor-widget-text-editor:not(.elementor-drop-cap-view-default) .elementor-drop-cap{margin-top:8px}.elementor-widget-text-editor:not(.elementor-drop-cap-view-default) .elementor-drop-cap-letter{width:1em;height:1em}.elementor-widget-text-editor .elementor-drop-cap{float:left;text-align:center;line-height:1;font-size:50px}.elementor-widget-text-editor .elementor-drop-cap-letter{display:inline-block}<\/style>\t\t\t\t<p style=\"text-align: center;\">Director de H &amp; E Legal<\/p>\t\t\t\t\t\t<\/div>\n\t\t\t\t<\/div>\n\t\t\t\t<div class=\"elementor-element elementor-element-04d8dea elementor-widget elementor-widget-text-editor\" data-id=\"04d8dea\" data-element_type=\"widget\" data-widget_type=\"text-editor.default\">\n\t\t\t\t<div class=\"elementor-widget-container\">\n\t\t\t\t\t\t\t<p style=\"text-align: center;\">Socio Fundador<\/p>\t\t\t\t\t\t<\/div>\n\t\t\t\t<\/div>\n\t\t\t\t<section class=\"elementor-section elementor-inner-section elementor-element elementor-element-d17f30c elementor-section-boxed elementor-section-height-default elementor-section-height-default\" data-id=\"d17f30c\" data-element_type=\"section\">\n\t\t\t\t\t\t<div class=\"elementor-container elementor-column-gap-default\">\n\t\t\t\t\t<div class=\"elementor-column elementor-col-100 elementor-inner-column elementor-element elementor-element-ce7d1ea\" data-id=\"ce7d1ea\" data-element_type=\"column\">\n\t\t\t<div class=\"elementor-widget-wrap elementor-element-populated\">\n\t\t\t\t\t\t\t\t<div class=\"elementor-element elementor-element-aa68181 elementor-widget elementor-widget-text-editor\" data-id=\"aa68181\" data-element_type=\"widget\" data-widget_type=\"text-editor.default\">\n\t\t\t\t<div class=\"elementor-widget-container\">\n\t\t\t\t\t\t\t<p>Doctor en Derecho (Universidad Cat\u00f3lica Santa Rosa).<\/p><p>Abogado egresado de la Universidad Central de Venezuela.<\/p><p>Especialista en Derechos Humanos (Universidad Central de Venezuela), Diplomado en Derechos Humanos (Universidad Monte \u00c1vila), Derecho Penal Internacional (Universidad de Salamanca), Fiscal egresado de la Escuela de Fiscales Ministerio P\u00fablico en Venezuela (Ministerio P\u00fablico).<\/p><p>Cursos especializados en Derecho Administrativo; Poder judicial; Impunidad y Derechos Humanos; Amparo Constitucional y Derecho Procesal Civil; Derecho Internacional Penal, Gerencia General, Legitimaci\u00f3n de Capitales y Financiamiento del Terrorismo; Derecho Bancario y Contratos Bancarios; \u00c9tica y Excelencia para el Funcionario; Finanzas para Ejecutivos no Financieros.<\/p><p>\u00a0<\/p>\t\t\t\t\t\t<\/div>\n\t\t\t\t<\/div>\n\t\t\t\t\t<\/div>\n\t\t<\/div>\n\t\t\t\t\t\t\t<\/div>\n\t\t<\/section>\n\t\t\t\t\t<\/div>\n\t\t<\/div>\n\t\t\t\t\t\t\t<\/div>\n\t\t<\/section>\n\t\t\t\t<section class=\"elementor-section elementor-top-section elementor-element elementor-element-da0b299 elementor-section-boxed elementor-section-height-default elementor-section-height-default\" data-id=\"da0b299\" data-element_type=\"section\">\n\t\t\t\t\t\t<div class=\"elementor-container elementor-column-gap-default\">\n\t\t\t\t\t<div class=\"elementor-column elementor-col-33 elementor-top-column elementor-element elementor-element-cde45e6\" data-id=\"cde45e6\" data-element_type=\"column\">\n\t\t\t<div class=\"elementor-widget-wrap\">\n\t\t\t\t\t\t\t\t\t<\/div>\n\t\t<\/div>\n\t\t\t\t<div class=\"elementor-column elementor-col-33 elementor-top-column elementor-element elementor-element-0c68018\" data-id=\"0c68018\" data-element_type=\"column\">\n\t\t\t<div class=\"elementor-widget-wrap elementor-element-populated\">\n\t\t\t\t\t\t\t\t<div class=\"elementor-element elementor-element-d66d59b elementor-widget elementor-widget-image\" data-id=\"d66d59b\" data-element_type=\"widget\" data-widget_type=\"image.default\">\n\t\t\t\t<div class=\"elementor-widget-container\">\n\t\t\t<style>\/*! elementor - v3.10.2 - 29-01-2023 *\/\n.elementor-widget-image{text-align:center}.elementor-widget-image a{display:inline-block}.elementor-widget-image a img[src$=\".svg\"]{width:48px}.elementor-widget-image img{vertical-align:middle;display:inline-block}<\/style>\t\t\t\t\t\t\t\t\t\t\t\t<img loading=\"lazy\" decoding=\"async\" width=\"720\" height=\"1024\" src=\"http:\/\/he.legal\/he\/wp-content\/uploads\/2022\/09\/FRANCISCO-ABOGADO-720x1024.jpg\" class=\"attachment-large size-large wp-image-461\" alt=\"\" srcset=\"http:\/\/he.legal\/he\/wp-content\/uploads\/2022\/09\/FRANCISCO-ABOGADO-720x1024.jpg 720w, http:\/\/he.legal\/he\/wp-content\/uploads\/2022\/09\/FRANCISCO-ABOGADO-211x300.jpg 211w, http:\/\/he.legal\/he\/wp-content\/uploads\/2022\/09\/FRANCISCO-ABOGADO-768x1092.jpg 768w, http:\/\/he.legal\/he\/wp-content\/uploads\/2022\/09\/FRANCISCO-ABOGADO-1080x1536.jpg 1080w, http:\/\/he.legal\/he\/wp-content\/uploads\/2022\/09\/FRANCISCO-ABOGADO.jpg 1280w\" sizes=\"auto, (max-width: 720px) 100vw, 720px\" \/>\t\t\t\t\t\t\t\t\t\t\t\t\t\t\t<\/div>\n\t\t\t\t<\/div>\n\t\t\t\t<div class=\"elementor-element elementor-element-2a26fde elementor-widget elementor-widget-heading\" data-id=\"2a26fde\" data-element_type=\"widget\" data-widget_type=\"heading.default\">\n\t\t\t\t<div class=\"elementor-widget-container\">\n\t\t\t<h2 class=\"elementor-heading-title elementor-size-default\">Francisco J. Estaba S.<\/h2>\t\t<\/div>\n\t\t\t\t<\/div>\n\t\t\t\t<div class=\"elementor-element elementor-element-82fb6ef elementor-widget elementor-widget-text-editor\" data-id=\"82fb6ef\" data-element_type=\"widget\" data-widget_type=\"text-editor.default\">\n\t\t\t\t<div class=\"elementor-widget-container\">\n\t\t\t\t\t\t\t<p style=\"text-align: center;\">Director de Asuntos Jur\u00eddicos\u00a0<\/p>\t\t\t\t\t\t<\/div>\n\t\t\t\t<\/div>\n\t\t\t\t<div class=\"elementor-element elementor-element-3e3f714 elementor-widget elementor-widget-text-editor\" data-id=\"3e3f714\" data-element_type=\"widget\" data-widget_type=\"text-editor.default\">\n\t\t\t\t<div class=\"elementor-widget-container\">\n\t\t\t\t\t\t\t<p style=\"text-align: center;\">Socio Fundador<\/p>\t\t\t\t\t\t<\/div>\n\t\t\t\t<\/div>\n\t\t\t\t<div class=\"elementor-element elementor-element-b28e023 elementor-widget elementor-widget-text-editor\" data-id=\"b28e023\" data-element_type=\"widget\" data-widget_type=\"text-editor.default\">\n\t\t\t\t<div class=\"elementor-widget-container\">\n\t\t\t\t\t\t\t<p>Abogado penalista egresado de la Universidad Santa Mar\u00eda que curs\u00f3 estudios de especializaci\u00f3n en Derecho Penal (Universidad Santa Mar\u00eda) y Derechos Humanos (Universidad Central de Venezuela).<\/p><p>Juez jubilado del Circuito Judicial Penal de \u00c1rea Metropolitana de Caracas, trabaj\u00f3 para el circuito en pr\u00e1cticamente todos los cargos que implicaban el planteamiento y resoluci\u00f3n de asuntos jur\u00eddicos.<\/p><p>De lo anterior, podemos colegir tiene amplia experiencia en asuntos penales, la que adem\u00e1s es acompa\u00f1ada por una copiosa pr\u00e1ctica en asuntos civiles y mercantiles.<\/p>\t\t\t\t\t\t<\/div>\n\t\t\t\t<\/div>\n\t\t\t\t\t<\/div>\n\t\t<\/div>\n\t\t\t\t<div class=\"elementor-column elementor-col-33 elementor-top-column elementor-element elementor-element-0b0757b\" data-id=\"0b0757b\" data-element_type=\"column\">\n\t\t\t<div class=\"elementor-widget-wrap\">\n\t\t\t\t\t\t\t\t\t<\/div>\n\t\t<\/div>\n\t\t\t\t\t\t\t<\/div>\n\t\t<\/section>\n\t\t\t\t<section class=\"elementor-section elementor-top-section elementor-element elementor-element-f1bb686 elementor-section-boxed elementor-section-height-default elementor-section-height-default\" data-id=\"f1bb686\" data-element_type=\"section\">\n\t\t\t\t\t\t<div class=\"elementor-container elementor-column-gap-default\">\n\t\t\t\t\t<div class=\"elementor-column elementor-col-33 elementor-top-column elementor-element elementor-element-1b969bc\" data-id=\"1b969bc\" data-element_type=\"column\">\n\t\t\t<div class=\"elementor-widget-wrap\">\n\t\t\t\t\t\t\t\t\t<\/div>\n\t\t<\/div>\n\t\t\t\t<div class=\"elementor-column elementor-col-33 elementor-top-column elementor-element elementor-element-546bc17\" data-id=\"546bc17\" data-element_type=\"column\">\n\t\t\t<div class=\"elementor-widget-wrap elementor-element-populated\">\n\t\t\t\t\t\t\t\t<div class=\"elementor-element elementor-element-c015c71 elementor-widget elementor-widget-image\" data-id=\"c015c71\" data-element_type=\"widget\" data-widget_type=\"image.default\">\n\t\t\t\t<div class=\"elementor-widget-container\">\n\t\t\t\t\t\t\t\t\t\t\t\t\t\t\t<img loading=\"lazy\" decoding=\"async\" width=\"720\" height=\"1024\" src=\"http:\/\/he.legal\/he\/wp-content\/uploads\/2022\/09\/INDIRA-ABOGADO-720x1024.jpg\" class=\"attachment-large size-large wp-image-460\" alt=\"\" srcset=\"http:\/\/he.legal\/he\/wp-content\/uploads\/2022\/09\/INDIRA-ABOGADO-720x1024.jpg 720w, http:\/\/he.legal\/he\/wp-content\/uploads\/2022\/09\/INDIRA-ABOGADO-211x300.jpg 211w, http:\/\/he.legal\/he\/wp-content\/uploads\/2022\/09\/INDIRA-ABOGADO-768x1092.jpg 768w, http:\/\/he.legal\/he\/wp-content\/uploads\/2022\/09\/INDIRA-ABOGADO-1080x1536.jpg 1080w, http:\/\/he.legal\/he\/wp-content\/uploads\/2022\/09\/INDIRA-ABOGADO.jpg 1280w\" sizes=\"auto, (max-width: 720px) 100vw, 720px\" \/>\t\t\t\t\t\t\t\t\t\t\t\t\t\t\t<\/div>\n\t\t\t\t<\/div>\n\t\t\t\t<div class=\"elementor-element elementor-element-9bd1121 elementor-widget elementor-widget-heading\" data-id=\"9bd1121\" data-element_type=\"widget\" data-widget_type=\"heading.default\">\n\t\t\t\t<div class=\"elementor-widget-container\">\n\t\t\t<h2 class=\"elementor-heading-title elementor-size-default\">Indira J. P\u00e9rez R.<\/h2>\t\t<\/div>\n\t\t\t\t<\/div>\n\t\t\t\t<div class=\"elementor-element elementor-element-b0b0a48 elementor-widget elementor-widget-text-editor\" data-id=\"b0b0a48\" data-element_type=\"widget\" data-widget_type=\"text-editor.default\">\n\t\t\t\t<div class=\"elementor-widget-container\">\n\t\t\t\t\t\t\t<p>Abogada egresada de la Universidad de los Andes.<\/p><p>Especialista en Derecho Mar\u00edtimo (Instituto de Estudios Universitarios de la Marina Mercante); Derecho Constitucional (Universidad de Salamanca) y Derechos Humanos (Universidad Central de Venezuela); Diplomados en Derechos Humanos (Universidad Monte \u00c1vila), Derecho Procesal Constitucional (Escuela Nacional de la Magistratura) y en Derecho Constitucional Iberoamericano (Escuela de Iberoamericana de Derecho), y Curso de Capacitaci\u00f3n para Jueces (Escuela Nacional de la Magistratura).<\/p>\t\t\t\t\t\t<\/div>\n\t\t\t\t<\/div>\n\t\t\t\t\t<\/div>\n\t\t<\/div>\n\t\t\t\t<div class=\"elementor-column elementor-col-33 elementor-top-column elementor-element elementor-element-903c44a\" data-id=\"903c44a\" data-element_type=\"column\">\n\t\t\t<div class=\"elementor-widget-wrap\">\n\t\t\t\t\t\t\t\t\t<\/div>\n\t\t<\/div>\n\t\t\t\t\t\t\t<\/div>\n\t\t<\/section>\n\t\t\t\t\t\t\t<\/div>\n\t\t","protected":false},"excerpt":{"rendered":"<p>Abogados H&#038;E Legal Daniel J. Hern\u00e1ndez S. Director de H &amp; E Legal Socio Fundador Doctor en Derecho (Universidad Cat\u00f3lica Santa Rosa). Abogado egresado de la Universidad Central de Venezuela. Especialista en Derechos Humanos (Universidad Central de Venezuela), Diplomado en Derechos Humanos (Universidad Monte \u00c1vila), Derecho Penal Internacional (Universidad de Salamanca), Fiscal egresado de la &hellip;<\/p>\n<p class=\"read-more\"> <a class=\"\" href=\"http:\/\/he.legal\/he\/abogados\/\"> <span class=\"screen-reader-text\">Abogados<\/span> Leer m\u00e1s &raquo;<\/a><\/p>\n","protected":false},"author":1,"featured_media":0,"parent":0,"menu_order":0,"comment_status":"closed","ping_status":"closed","template":"","meta":{"site-sidebar-layout":"no-sidebar","site-content-layout":"page-builder","ast-global-header-display":"","ast-main-header-display":"","ast-hfb-above-header-display":"","ast-hfb-below-header-display":"","ast-hfb-mobile-header-display":"","site-post-title":"disabled","ast-breadcrumbs-content":"","ast-featured-img":"disabled","footer-sml-layout":"","theme-transparent-header-meta":"","adv-header-id-meta":"","stick-header-meta":"","header-above-stick-meta":"","header-main-stick-meta":"","header-below-stick-meta":"","footnotes":""},"class_list":["post-24","page","type-page","status-publish","hentry"],"_links":{"self":[{"href":"http:\/\/he.legal\/he\/wp-json\/wp\/v2\/pages\/24","targetHints":{"allow":["GET"]}}],"collection":[{"href":"http:\/\/he.legal\/he\/wp-json\/wp\/v2\/pages"}],"about":[{"href":"http:\/\/he.legal\/he\/wp-json\/wp\/v2\/types\/page"}],"author":[{"embeddable":true,"href":"http:\/\/he.legal\/he\/wp-json\/wp\/v2\/users\/1"}],"replies":[{"embeddable":true,"href":"http:\/\/he.legal\/he\/wp-json\/wp\/v2\/comments?post=24"}],"version-history":[{"count":61,"href":"http:\/\/he.legal\/he\/wp-json\/wp\/v2\/pages\/24\/revisions"}],"predecessor-version":[{"id":768,"href":"http:\/\/he.legal\/he\/wp-json\/wp\/v2\/pages\/24\/revisions\/768"}],"wp:attachment":[{"href":"http:\/\/he.legal\/he\/wp-json\/wp\/v2\/media?parent=24"}],"curies":[{"name":"wp","href":"https:\/\/api.w.org\/{rel}","templated":true}]}}